{"id":1370,"date":"2023-09-07T13:03:20","date_gmt":"2023-09-07T13:03:20","guid":{"rendered":"https:\/\/portobelloresidence.hu\/?page_id=1370"},"modified":"2023-09-07T13:11:38","modified_gmt":"2023-09-07T13:11:38","slug":"porto-bello-residence","status":"publish","type":"page","link":"https:\/\/portobelloresidence.hu\/en\/porto-bello-residence\/","title":{"rendered":"Porto Bello Residence"},"content":{"rendered":"<div style=\"padding:56.25% 0 0 0;position:relative;\"><iframe src=\"https:\/\/player.vimeo.com\/video\/860122117?h=79a731a6a7&amp;badge=0&amp;autopause=0&amp;player_id=0&amp;app_id=58479\" frameborder=\"0\" allow=\"autoplay; fullscreen; picture-in-picture\" style=\"position:absolute;top:0;left:0;width:100%;height:100%;\" title=\"PORTO BELLO R\u00d6VID\"><\/iframe><\/div>\n<p><script src=\"https:\/\/player.vimeo.com\/api\/player.js\"><\/script><\/p>\n","protected":false},"excerpt":{"rendered":"","protected":false},"author":1,"featured_media":0,"parent":0,"menu_order":0,"comment_status":"closed","ping_status":"closed","template":"","meta":{"_acf_changed":false,"footnotes":""},"class_list":["post-1370","page","type-page","status-publish","hentry"],"acf":[],"yoast_head":"<!-- This site is optimized with the Yoast SEO plugin v25.4 - https:\/\/yoast.com\/wordpress\/plugins\/seo\/ -->\n<title>Porto Bello Residence - Porto Bello<\/title>\n<meta name=\"robots\" content=\"index, follow, max-snippet:-1, max-image-preview:large, max-video-preview:-1\" \/>\n<link rel=\"canonical\" href=\"https:\/\/portobelloresidence.hu\/en\/porto-bello-residence\/\" \/>\n<meta property=\"og:locale\" content=\"en_US\" \/>\n<meta property=\"og:type\" content=\"article\" \/>\n<meta property=\"og:title\" content=\"Porto Bello Residence - Porto Bello\" \/>\n<meta property=\"og:url\" content=\"https:\/\/portobelloresidence.hu\/en\/porto-bello-residence\/\" \/>\n<meta property=\"og:site_name\" content=\"Porto Bello\" \/>\n<meta property=\"article:modified_time\" content=\"2023-09-07T13:11:38+00:00\" \/>\n<meta name=\"twitter:card\" content=\"summary_large_image\" \/>\n<script type=\"application\/ld+json\" class=\"yoast-schema-graph\">{\"@context\":\"https:\/\/schema.org\",\"@graph\":[{\"@type\":\"WebPage\",\"@id\":\"https:\/\/portobelloresidence.hu\/en\/porto-bello-residence\/\",\"url\":\"https:\/\/portobelloresidence.hu\/en\/porto-bello-residence\/\",\"name\":\"Porto Bello Residence - Porto Bello\",\"isPartOf\":{\"@id\":\"https:\/\/portobelloresidence.hu\/#website\"},\"datePublished\":\"2023-09-07T13:03:20+00:00\",\"dateModified\":\"2023-09-07T13:11:38+00:00\",\"inLanguage\":\"en-US\",\"potentialAction\":[{\"@type\":\"ReadAction\",\"target\":[\"https:\/\/portobelloresidence.hu\/en\/porto-bello-residence\/\"]}]},{\"@type\":\"WebSite\",\"@id\":\"https:\/\/portobelloresidence.hu\/#website\",\"url\":\"https:\/\/portobelloresidence.hu\/\",\"name\":\"Porto Bello\",\"description\":\"Id\u0151tlen elegancia a kik\u00f6t\u0151 k\u00f6zel\u00e9ben\",\"potentialAction\":[{\"@type\":\"SearchAction\",\"target\":{\"@type\":\"EntryPoint\",\"urlTemplate\":\"https:\/\/portobelloresidence.hu\/?s={search_term_string}\"},\"query-input\":{\"@type\":\"PropertyValueSpecification\",\"valueRequired\":true,\"valueName\":\"search_term_string\"}}],\"inLanguage\":\"en-US\"}]}<\/script>\n<!-- \/ Yoast SEO plugin. -->","yoast_head_json":{"title":"Porto Bello Residence - Porto Bello","robots":{"index":"index","follow":"follow","max-snippet":"max-snippet:-1","max-image-preview":"max-image-preview:large","max-video-preview":"max-video-preview:-1"},"canonical":"https:\/\/portobelloresidence.hu\/en\/porto-bello-residence\/","og_locale":"en_US","og_type":"article","og_title":"Porto Bello Residence - Porto Bello","og_url":"https:\/\/portobelloresidence.hu\/en\/porto-bello-residence\/","og_site_name":"Porto Bello","article_modified_time":"2023-09-07T13:11:38+00:00","twitter_card":"summary_large_image","schema":{"@context":"https:\/\/schema.org","@graph":[{"@type":"WebPage","@id":"https:\/\/portobelloresidence.hu\/en\/porto-bello-residence\/","url":"https:\/\/portobelloresidence.hu\/en\/porto-bello-residence\/","name":"Porto Bello Residence - Porto Bello","isPartOf":{"@id":"https:\/\/portobelloresidence.hu\/#website"},"datePublished":"2023-09-07T13:03:20+00:00","dateModified":"2023-09-07T13:11:38+00:00","inLanguage":"en-US","potentialAction":[{"@type":"ReadAction","target":["https:\/\/portobelloresidence.hu\/en\/porto-bello-residence\/"]}]},{"@type":"WebSite","@id":"https:\/\/portobelloresidence.hu\/#website","url":"https:\/\/portobelloresidence.hu\/","name":"Porto Bello","description":"Id\u0151tlen elegancia a kik\u00f6t\u0151 k\u00f6zel\u00e9ben","potentialAction":[{"@type":"SearchAction","target":{"@type":"EntryPoint","urlTemplate":"https:\/\/portobelloresidence.hu\/?s={search_term_string}"},"query-input":{"@type":"PropertyValueSpecification","valueRequired":true,"valueName":"search_term_string"}}],"inLanguage":"en-US"}]}},"_links":{"self":[{"href":"https:\/\/portobelloresidence.hu\/en\/wp-json\/wp\/v2\/pages\/1370","targetHints":{"allow":["GET"]}}],"collection":[{"href":"https:\/\/portobelloresidence.hu\/en\/wp-json\/wp\/v2\/pages"}],"about":[{"href":"https:\/\/portobelloresidence.hu\/en\/wp-json\/wp\/v2\/types\/page"}],"author":[{"embeddable":true,"href":"https:\/\/portobelloresidence.hu\/en\/wp-json\/wp\/v2\/users\/1"}],"replies":[{"embeddable":true,"href":"https:\/\/portobelloresidence.hu\/en\/wp-json\/wp\/v2\/comments?post=1370"}],"version-history":[{"count":1,"href":"https:\/\/portobelloresidence.hu\/en\/wp-json\/wp\/v2\/pages\/1370\/revisions"}],"predecessor-version":[{"id":1371,"href":"https:\/\/portobelloresidence.hu\/en\/wp-json\/wp\/v2\/pages\/1370\/revisions\/1371"}],"wp:attachment":[{"href":"https:\/\/portobelloresidence.hu\/en\/wp-json\/wp\/v2\/media?parent=1370"}],"curies":[{"name":"wp","href":"https:\/\/api.w.org\/{rel}","templated":true}]}}