{"id":1381,"date":"2023-09-12T10:17:08","date_gmt":"2023-09-12T10:17:08","guid":{"rendered":"https:\/\/portobelloresidence.hu\/?page_id=1381"},"modified":"2026-03-23T15:13:13","modified_gmt":"2026-03-23T15:13:13","slug":"porto-bello-residence-video","status":"publish","type":"page","link":"https:\/\/portobelloresidence.hu\/en\/porto-bello-residence-video\/","title":{"rendered":"Porto Bello Residence Video"},"content":{"rendered":"<div style=\"padding:56.25% 0 0 0;position:relative;\"><iframe src=\"https:\/\/player.vimeo.com\/video\/1176213569?h=674732adec&amp;badge=0&amp;autopause=0&amp;player_id=0&amp;app_id=58479\" frameborder=\"0\" allow=\"autoplay; fullscreen; picture-in-picture; clipboard-write; encrypted-media; web-share\" referrerpolicy=\"strict-origin-when-cross-origin\" style=\"position:absolute;top:0;left:0;width:100%;height:100%;\" title=\"PORTO_BELLO_UPDATED_4K_ZENEVEL\"><\/iframe><\/div>\n<p><script src=\"https:\/\/player.vimeo.com\/api\/player.js\"><\/script><\/p>\n","protected":false},"excerpt":{"rendered":"","protected":false},"author":1,"featured_media":0,"parent":0,"menu_order":0,"comment_status":"closed","ping_status":"closed","template":"","meta":{"_acf_changed":false,"footnotes":""},"class_list":["post-1381","page","type-page","status-publish","hentry"],"acf":[],"yoast_head":"<!-- This site is optimized with the Yoast SEO plugin v25.4 - https:\/\/yoast.com\/wordpress\/plugins\/seo\/ -->\n<title>Porto Bello Residence Video - Porto Bello<\/title>\n<meta name=\"robots\" content=\"index, follow, max-snippet:-1, max-image-preview:large, max-video-preview:-1\" \/>\n<link rel=\"canonical\" href=\"https:\/\/portobelloresidence.hu\/en\/porto-bello-residence-video\/\" \/>\n<meta property=\"og:locale\" content=\"en_US\" \/>\n<meta property=\"og:type\" content=\"article\" \/>\n<meta property=\"og:title\" content=\"Porto Bello Residence Video - Porto Bello\" \/>\n<meta property=\"og:url\" content=\"https:\/\/portobelloresidence.hu\/en\/porto-bello-residence-video\/\" \/>\n<meta property=\"og:site_name\" content=\"Porto Bello\" \/>\n<meta property=\"article:modified_time\" content=\"2026-03-23T15:13:13+00:00\" \/>\n<meta name=\"twitter:card\" content=\"summary_large_image\" \/>\n<script type=\"application\/ld+json\" class=\"yoast-schema-graph\">{\"@context\":\"https:\/\/schema.org\",\"@graph\":[{\"@type\":\"WebPage\",\"@id\":\"https:\/\/portobelloresidence.hu\/en\/porto-bello-residence-video\/\",\"url\":\"https:\/\/portobelloresidence.hu\/en\/porto-bello-residence-video\/\",\"name\":\"Porto Bello Residence Video - Porto Bello\",\"isPartOf\":{\"@id\":\"https:\/\/portobelloresidence.hu\/#website\"},\"datePublished\":\"2023-09-12T10:17:08+00:00\",\"dateModified\":\"2026-03-23T15:13:13+00:00\",\"inLanguage\":\"en-US\",\"potentialAction\":[{\"@type\":\"ReadAction\",\"target\":[\"https:\/\/portobelloresidence.hu\/en\/porto-bello-residence-video\/\"]}]},{\"@type\":\"WebSite\",\"@id\":\"https:\/\/portobelloresidence.hu\/#website\",\"url\":\"https:\/\/portobelloresidence.hu\/\",\"name\":\"Porto Bello\",\"description\":\"Id\u0151tlen elegancia a kik\u00f6t\u0151 k\u00f6zel\u00e9ben\",\"potentialAction\":[{\"@type\":\"SearchAction\",\"target\":{\"@type\":\"EntryPoint\",\"urlTemplate\":\"https:\/\/portobelloresidence.hu\/?s={search_term_string}\"},\"query-input\":{\"@type\":\"PropertyValueSpecification\",\"valueRequired\":true,\"valueName\":\"search_term_string\"}}],\"inLanguage\":\"en-US\"}]}<\/script>\n<!-- \/ Yoast SEO plugin. -->","yoast_head_json":{"title":"Porto Bello Residence Video - Porto Bello","robots":{"index":"index","follow":"follow","max-snippet":"max-snippet:-1","max-image-preview":"max-image-preview:large","max-video-preview":"max-video-preview:-1"},"canonical":"https:\/\/portobelloresidence.hu\/en\/porto-bello-residence-video\/","og_locale":"en_US","og_type":"article","og_title":"Porto Bello Residence Video - Porto Bello","og_url":"https:\/\/portobelloresidence.hu\/en\/porto-bello-residence-video\/","og_site_name":"Porto Bello","article_modified_time":"2026-03-23T15:13:13+00:00","twitter_card":"summary_large_image","schema":{"@context":"https:\/\/schema.org","@graph":[{"@type":"WebPage","@id":"https:\/\/portobelloresidence.hu\/en\/porto-bello-residence-video\/","url":"https:\/\/portobelloresidence.hu\/en\/porto-bello-residence-video\/","name":"Porto Bello Residence Video - Porto Bello","isPartOf":{"@id":"https:\/\/portobelloresidence.hu\/#website"},"datePublished":"2023-09-12T10:17:08+00:00","dateModified":"2026-03-23T15:13:13+00:00","inLanguage":"en-US","potentialAction":[{"@type":"ReadAction","target":["https:\/\/portobelloresidence.hu\/en\/porto-bello-residence-video\/"]}]},{"@type":"WebSite","@id":"https:\/\/portobelloresidence.hu\/#website","url":"https:\/\/portobelloresidence.hu\/","name":"Porto Bello","description":"Id\u0151tlen elegancia a kik\u00f6t\u0151 k\u00f6zel\u00e9ben","potentialAction":[{"@type":"SearchAction","target":{"@type":"EntryPoint","urlTemplate":"https:\/\/portobelloresidence.hu\/?s={search_term_string}"},"query-input":{"@type":"PropertyValueSpecification","valueRequired":true,"valueName":"search_term_string"}}],"inLanguage":"en-US"}]}},"_links":{"self":[{"href":"https:\/\/portobelloresidence.hu\/en\/wp-json\/wp\/v2\/pages\/1381","targetHints":{"allow":["GET"]}}],"collection":[{"href":"https:\/\/portobelloresidence.hu\/en\/wp-json\/wp\/v2\/pages"}],"about":[{"href":"https:\/\/portobelloresidence.hu\/en\/wp-json\/wp\/v2\/types\/page"}],"author":[{"embeddable":true,"href":"https:\/\/portobelloresidence.hu\/en\/wp-json\/wp\/v2\/users\/1"}],"replies":[{"embeddable":true,"href":"https:\/\/portobelloresidence.hu\/en\/wp-json\/wp\/v2\/comments?post=1381"}],"version-history":[{"count":2,"href":"https:\/\/portobelloresidence.hu\/en\/wp-json\/wp\/v2\/pages\/1381\/revisions"}],"predecessor-version":[{"id":2190,"href":"https:\/\/portobelloresidence.hu\/en\/wp-json\/wp\/v2\/pages\/1381\/revisions\/2190"}],"wp:attachment":[{"href":"https:\/\/portobelloresidence.hu\/en\/wp-json\/wp\/v2\/media?parent=1381"}],"curies":[{"name":"wp","href":"https:\/\/api.w.org\/{rel}","templated":true}]}}